{"id":181,"date":"2016-09-19T13:14:35","date_gmt":"2016-09-19T13:14:35","guid":{"rendered":"http:\/\/superfood.elated-themes.com\/?page_id=181"},"modified":"2018-02-12T13:39:14","modified_gmt":"2018-02-12T13:39:14","slug":"shop-home","status":"publish","type":"page","link":"https:\/\/femigel.info\/hr\/","title":{"rendered":"Po\u010detna"},"content":{"rendered":"<p>[vc_row css=&#8221;.vc_custom_1518375137357{padding-top: 10px !important;padding-bottom: 20px !important;background-color: #c2a8c1 !important;}&#8221;][vc_column width=&#8221;1\/4&#8243;][\/vc_column][vc_column width=&#8221;1\/2&#8243;][vc_column_text]<\/p>\n<h4 style=\"text-align: center;\"><strong><span style=\"color: #ffffff;\">FEMIGEL 100% PRIRODNI GEL S \u010cAJEVCEM ZA INTIMNU NJEGU I ZA\u0160TITU \u017dENE<\/span><\/strong><\/h4>\n<p>[\/vc_column_text][\/vc_column][vc_column width=&#8221;1\/4&#8243;][\/vc_column][\/vc_row][vc_row css=&#8221;.vc_custom_1518368351033{padding-right: 30px !important;padding-left: 30px !important;background-image: url(http:\/\/femigel.info\/hr\/wp-content\/uploads\/2018\/02\/bgd-leaves-1300&#215;890.jpg?id=10343) !important;}&#8221;][vc_column width=&#8221;2\/3&#8243; offset=&#8221;vc_hidden-lg vc_hidden-md&#8221;][vc_column_text]<\/p>\n<h3>100% prirodni<br \/>\n<span style=\"font-size: 16px; color: #000;\">gel za intimnu njegu i za\u0161titu<\/span><\/h3>\n<h3>Brzo smiruje<br \/>\n<span style=\"font-size: 16px; color: #000;\">svrbe\u017e, peckanje i nadra\u017eenost<\/span><\/h3>\n<h3>Intimnoj sluznici<br \/>\n<span style=\"font-size: 16px; color: #000;\">vra\u0107a prirodnu kiselost i vla\u017enost<\/span><\/h3>\n<h3>Sadr\u017ei antisepti\u010dko<br \/>\n<span style=\"font-size: 16px; color: #000;\">ulje \u010dajevca u optimalnoj dozi<\/span><\/h3>\n<h3>Najprodavaniji gel<br \/>\n<span style=\"font-size: 16px; color: #000;\">za intimnu njegu s \u010dajevcem<\/span><\/h3>\n<h3>Klini\u010dki<br \/>\n<span style=\"font-size: 16px; color: #000;\">dokazana u\u010dinkovitost<\/span><\/h3>\n<p>[\/vc_column_text][\/vc_column][vc_column width=&#8221;1\/3&#8243; offset=&#8221;vc_hidden-lg vc_hidden-md&#8221; css=&#8221;.vc_custom_1497431682725{padding-top: 20px !important;}&#8221;][vc_single_image image=&#8221;10342&#8243; img_size=&#8221;large&#8221;][\/vc_column][\/vc_row][vc_row css=&#8221;.vc_custom_1518368381448{padding-top: 30px !important;padding-bottom: 30px !important;background-image: url(http:\/\/femigel.info\/hr\/wp-content\/uploads\/2018\/02\/bgd-leaves-1300&#215;890.jpg?id=10343) !important;}&#8221;][vc_column width=&#8221;1\/6&#8243;][\/vc_column][vc_column width=&#8221;2\/3&#8243; offset=&#8221;vc_hidden-sm vc_hidden-xs&#8221;]<div class=\"eltdf-item-showcase-holder clearfix\"><div class=\"eltdf-is-item eltdf-is-left\">\n\t<div class=\"eltdf-is-content\">\n\t\t\t\t\t<h3 class=\"eltdf-is-title\" >\n\t\t\t\t\t\t\t\t100% prirodni\t\t\t\t\t\t\t<\/h3>\n\t\t\t\t\t\t\t<p class=\"eltdf-is-text\" >gel za intimnu njegu i za\u0161titu<\/p>\n\t\t\t<\/div>\n<\/div><div class=\"eltdf-is-item eltdf-is-left\">\n\t<div class=\"eltdf-is-content\">\n\t\t\t\t\t<h3 class=\"eltdf-is-title\" >\n\t\t\t\t\t\t\t\tBrzo smiruje\t\t\t\t\t\t\t<\/h3>\n\t\t\t\t\t\t\t<p class=\"eltdf-is-text\" >svrbe\u017e, peckanje i nadra\u017eenost<\/p>\n\t\t\t<\/div>\n<\/div><div class=\"eltdf-is-item eltdf-is-left\">\n\t<div class=\"eltdf-is-content\">\n\t\t\t\t\t<h3 class=\"eltdf-is-title\" >\n\t\t\t\t\t\t\t\tIntimnoj sluznici \t\t\t\t\t\t\t<\/h3>\n\t\t\t\t\t\t\t<p class=\"eltdf-is-text\" >vra\u0107a prirodnu kiselost i vla\u017enost <\/p>\n\t\t\t<\/div>\n<\/div><div class=\"eltdf-is-item eltdf-is-right\">\n\t<div class=\"eltdf-is-content\">\n\t\t\t\t\t<h3 class=\"eltdf-is-title\" >\n\t\t\t\t\t\t\t\tSadr\u017ei antisepti\u010dko \t\t\t\t\t\t\t<\/h3>\n\t\t\t\t\t\t\t<p class=\"eltdf-is-text\" >ulje \u010dajevca u optimalnoj dozi<\/p>\n\t\t\t<\/div>\n<\/div><div class=\"eltdf-is-item eltdf-is-right\">\n\t<div class=\"eltdf-is-content\">\n\t\t\t\t\t<h3 class=\"eltdf-is-title\" >\n\t\t\t\t\t\t\t\tNajprodavaniji gel \t\t\t\t\t\t\t<\/h3>\n\t\t\t\t\t\t\t<p class=\"eltdf-is-text\" >za intimnu njegu s \u010dajevcem<\/p>\n\t\t\t<\/div>\n<\/div><div class=\"eltdf-is-item eltdf-is-right\">\n\t<div class=\"eltdf-is-content\">\n\t\t\t\t\t<h3 class=\"eltdf-is-title\" >\n\t\t\t\t\t\t\t\tKlini\u010dki \t\t\t\t\t\t\t<\/h3>\n\t\t\t\t\t\t\t<p class=\"eltdf-is-text\" >dokazana u\u010dinkovitost<\/p>\n\t\t\t<\/div>\n<\/div><div class=\"eltdf-is-image\" style=\"margin-top: 0px\"><img width=\"300\" height=\"360\" src=\"https:\/\/femigel.info\/hr\/wp-content\/uploads\/2018\/02\/Femigel-300x360.png\" class=\"attachment-full size-full\" alt=\"\" loading=\"lazy\" srcset=\"https:\/\/femigel.info\/hr\/wp-content\/uploads\/2018\/02\/Femigel-300x360.png 300w, https:\/\/femigel.info\/hr\/wp-content\/uploads\/2018\/02\/Femigel-300x360-250x300.png 250w\" sizes=\"(max-width: 300px) 100vw, 300px\" \/><\/div><\/div>[\/vc_column][vc_column width=&#8221;1\/6&#8243;][\/vc_column][\/vc_row][vc_row css=&#8221;.vc_custom_1518433850720{background-color: #e2e3e4 !important;}&#8221;][vc_column css=&#8221;.vc_custom_1518433862489{background-color: #e2e3e4 !important;}&#8221;][vc_empty_space height=&#8221;20px&#8221; el_class=&#8221;ljekarne&#8221; css=&#8221;.vc_custom_1518434216194{border-top-width: 3px !important;background-color: #e2e3e4 !important;border-top-color: #ffffff !important;border-top-style: solid !important;}&#8221;]<div class=\"eltdf-separator-holder clearfix  ljekarne eltdf-separator-center eltdf-separator-normal\">\n\t<div class=\"eltdf-separator\" ><\/div>\n<\/div>\n[vc_empty_space height=&#8221;10px&#8221; el_class=&#8221;ljekarne&#8221; css=&#8221;.vc_custom_1518434226418{border-bottom-width: 3px !important;background-color: #e2e3e4 !important;border-bottom-color: #ffffff !important;border-bottom-style: solid !important;}&#8221;][\/vc_column][\/vc_row][vc_row css=&#8221;.vc_custom_1518374856454{padding-top: 30px !important;background-image: url(http:\/\/femigel.info\/hr\/wp-content\/uploads\/2018\/02\/bgd-leaves-1300&#215;890.jpg?id=10343) !important;}&#8221;][vc_column]<div class=\"eltdf-testimonials-holder  eltdf-testimonials-standard clearfix\"><div class=\"eltdf-testimonials\" data-number=\"-1\" data-speed=\"5000\" data-animation-speed=\"600\" data-nav-arrows=\"yes\" data-nav-dots=\"yes\"><div class=\"eltdf-testimonial-content\" id=\"eltdf-testimonials-5154\">\n    <div class=\"eltdf-testimonial-text-holder\">\n                    <h2 class=\"eltdf-testimonial-title\">Moja obavezna oprema za more<\/h2>\n                            <p class=\"eltdf-testimonial-text\">Femigel nosim uvijek na put jer su mi se upravo na putu \u010desto javljali problemi. Sada se dr\u017eim one &#039;bolje sprije\u010diti nego lije\u010diti&#039;, pa ga koristim za prevenciju, nemam problema i osje\u0107am se sigurno, za\u0161ti\u0107eno i zdravo. <\/p>\n                            <div class=\"eltdf-testimonial-author-holder\">\n                <h4 class=\"eltdf-testimonial-author\">L.B.<\/h4>\n                                    <h5 class=\"eltdf-testimonial-position\">manager<\/h5>\n                            <\/div>\n            <\/div>\n            <div class=\"eltdf-testimonial-image\">\n            <img width=\"40\" height=\"66\" src=\"https:\/\/femigel.info\/hr\/wp-content\/uploads\/2018\/02\/drop-90x150.png\" class=\"attachment-66x66 size-66x66 wp-post-image\" alt=\"\" loading=\"lazy\" \/>        <\/div>\n    <\/div><div class=\"eltdf-testimonial-content\" id=\"eltdf-testimonials-5153\">\n    <div class=\"eltdf-testimonial-text-holder\">\n                    <h2 class=\"eltdf-testimonial-title\">Rije\u0161ila sam se gljivica<\/h2>\n                            <p class=\"eltdf-testimonial-text\">Meni osobno poma\u017ee kod gljivica. Imala sam ih puno puta, pa ih ve\u0107 znam prepoznati i reagiram odmah. \u010cim osjetim lagani svrbe\u017e i ili vidim da mi je ko\u017ea malo crvena, uzmem Femigel i sve se vrati u normalu.<\/p>\n                            <div class=\"eltdf-testimonial-author-holder\">\n                <h4 class=\"eltdf-testimonial-author\">J. N.<\/h4>\n                                    <h5 class=\"eltdf-testimonial-position\">studentica<\/h5>\n                            <\/div>\n            <\/div>\n            <div class=\"eltdf-testimonial-image\">\n            <img width=\"40\" height=\"66\" src=\"https:\/\/femigel.info\/hr\/wp-content\/uploads\/2018\/02\/drop-90x150.png\" class=\"attachment-66x66 size-66x66 wp-post-image\" alt=\"\" loading=\"lazy\" \/>        <\/div>\n    <\/div><div class=\"eltdf-testimonial-content\" id=\"eltdf-testimonials-5148\">\n    <div class=\"eltdf-testimonial-text-holder\">\n                    <h2 class=\"eltdf-testimonial-title\">U\u010dinkovito<\/h2>\n                            <p class=\"eltdf-testimonial-text\">Stvarno poma\u017ee! Nema nuspojava, naprotiv, nakon primjene osjetila sam olak\u0161anje, ugodno hladi kad te sve svrbi. Svakako preporu\u010dujem svima koje imaju problema s kandidom.<\/p>\n                            <div class=\"eltdf-testimonial-author-holder\">\n                <h4 class=\"eltdf-testimonial-author\">M.T.<\/h4>\n                                    <h5 class=\"eltdf-testimonial-position\">dizajnerica<\/h5>\n                            <\/div>\n            <\/div>\n            <div class=\"eltdf-testimonial-image\">\n            <img width=\"40\" height=\"66\" src=\"https:\/\/femigel.info\/hr\/wp-content\/uploads\/2018\/02\/drop-90x150.png\" class=\"attachment-66x66 size-66x66 wp-post-image\" alt=\"\" loading=\"lazy\" \/>        <\/div>\n    <\/div><div class=\"eltdf-testimonial-content\" id=\"eltdf-testimonials-5146\">\n    <div class=\"eltdf-testimonial-text-holder\">\n                    <h2 class=\"eltdf-testimonial-title\">Najbolja prevencija<\/h2>\n                            <p class=\"eltdf-testimonial-text\">Koristim ga ve\u0107 pola godine, jednom do tri puta mjese\u010dno, i za to vrijeme nisam imala nikakve problem ni iscjedak kojeg se prije nisam mogla rije\u0161iti. Apsolutno sam zadovoljna i preporu\u010dujem ga svima.<\/p>\n                            <div class=\"eltdf-testimonial-author-holder\">\n                <h4 class=\"eltdf-testimonial-author\">A.\u010c.<\/h4>\n                                    <h5 class=\"eltdf-testimonial-position\">trgovac<\/h5>\n                            <\/div>\n            <\/div>\n            <div class=\"eltdf-testimonial-image\">\n            <img width=\"40\" height=\"66\" src=\"https:\/\/femigel.info\/hr\/wp-content\/uploads\/2018\/02\/drop-90x150.png\" class=\"attachment-66x66 size-66x66 wp-post-image\" alt=\"\" loading=\"lazy\" \/>        <\/div>\n    <\/div><div class=\"eltdf-testimonial-content\" id=\"eltdf-testimonials-3154\">\n    <div class=\"eltdf-testimonial-text-holder\">\n                    <h2 class=\"eltdf-testimonial-title\">Rije\u0161en problem suho\u0107e<\/h2>\n                            <p class=\"eltdf-testimonial-text\">Femigel mi poma\u017ee da se nosim s tim delikatnim problemom, a koristim ga i prije odnosa. Probala sam ga po savjetu svog ginekologa i nimalo se nisam razo\u010darala, naprotiv, zahvalna sam na toj preporuci. <\/p>\n                            <div class=\"eltdf-testimonial-author-holder\">\n                <h4 class=\"eltdf-testimonial-author\">E.B.<\/h4>\n                                    <h5 class=\"eltdf-testimonial-position\">tajnica<\/h5>\n                            <\/div>\n            <\/div>\n            <div class=\"eltdf-testimonial-image\">\n            <img width=\"40\" height=\"66\" src=\"https:\/\/femigel.info\/hr\/wp-content\/uploads\/2018\/02\/drop-90x150.png\" class=\"attachment-66x66 size-66x66 wp-post-image\" alt=\"\" loading=\"lazy\" \/>        <\/div>\n    <\/div><div class=\"eltdf-testimonial-content\" id=\"eltdf-testimonials-3152\">\n    <div class=\"eltdf-testimonial-text-holder\">\n                    <h2 class=\"eltdf-testimonial-title\">Odli\u010dan proizvod<\/h2>\n                            <p class=\"eltdf-testimonial-text\">Femigel je stvarno super! Sklona sam uvijek nekim upalicama, pa sam probala sve \u0161to postoji, ali Femigel me uvijek spasi, a ponekad njime malo &#039;dezinficiram&#039; i svog partnera.<\/p>\n                            <div class=\"eltdf-testimonial-author-holder\">\n                <h4 class=\"eltdf-testimonial-author\">S.C.<\/h4>\n                                    <h5 class=\"eltdf-testimonial-position\">profesorica<\/h5>\n                            <\/div>\n            <\/div>\n            <div class=\"eltdf-testimonial-image\">\n            <img width=\"40\" height=\"66\" src=\"https:\/\/femigel.info\/hr\/wp-content\/uploads\/2018\/02\/drop-90x150.png\" class=\"attachment-66x66 size-66x66 wp-post-image\" alt=\"\" loading=\"lazy\" \/>        <\/div>\n    <\/div><div class=\"eltdf-testimonial-content\" id=\"eltdf-testimonials-3153\">\n    <div class=\"eltdf-testimonial-text-holder\">\n                    <h2 class=\"eltdf-testimonial-title\">Brzo rje\u0161enje<\/h2>\n                            <p class=\"eltdf-testimonial-text\">Po\u010dela sam ga koristiti na preporuku doktorice, i moram re\u0107i da je moje iskustvo s Femgelom odli\u010dno. Kad osjetim da nije sve kako bi trebalo biti, nave\u010der stavim jednu tubu i ujutro sam opet kao nova, sve bude u savr\u0161enom redu.<\/p>\n                            <div class=\"eltdf-testimonial-author-holder\">\n                <h4 class=\"eltdf-testimonial-author\">B. K.<\/h4>\n                                    <h5 class=\"eltdf-testimonial-position\">doma\u0107ica<\/h5>\n                            <\/div>\n            <\/div>\n            <div class=\"eltdf-testimonial-image\">\n            <img width=\"40\" height=\"66\" src=\"https:\/\/femigel.info\/hr\/wp-content\/uploads\/2018\/02\/drop-90x150.png\" class=\"attachment-66x66 size-66x66 wp-post-image\" alt=\"\" loading=\"lazy\" \/>        <\/div>\n    <\/div><\/div><\/div>[vc_empty_space height=&#8221;50px&#8221;][\/vc_column][\/vc_row][vc_row el_class=&#8221;call&#8221; css=&#8221;.vc_custom_1518373414307{background-color: #e2e3e5 !important;}&#8221;][vc_column][vc_cta h2=&#8221;Femigel savjetovali\u0161te&#8221; h2_font_container=&#8221;font_size:40|color:%23232724|line_height:2&#8243; h2_use_theme_fonts=&#8221;yes&#8221; h4=&#8221;Savjeti za o\u010duvanje intimnog zdravlja \u017eene&#8221; h4_font_container=&#8221;font_size:30|color:%23c2a8c1&#8243; h4_use_theme_fonts=&#8221;yes&#8221; txt_align=&#8221;center&#8221; shape=&#8221;square&#8221; style=&#8221;flat&#8221; use_custom_fonts_h2=&#8221;true&#8221; use_custom_fonts_h4=&#8221;true&#8221;][\/vc_cta][\/vc_column][\/vc_row][vc_row css=&#8221;.vc_custom_1497604913772{padding-top: 30px !important;padding-right: 40px !important;padding-bottom: 60px !important;padding-left: 40px !important;background-color: #f7f5f2 !important;}&#8221;][vc_column width=&#8221;1\/3&#8243; el_class=&#8221;advice&#8221; css=&#8221;.vc_custom_1497344950738{background-color: #ffffff !important;}&#8221;][vc_empty_space css=&#8221;.vc_custom_1497436558072{padding-right: 20px !important;padding-left: 20px !important;background-color: #f7f5f2 !important;}&#8221;][vc_single_image image=&#8221;10053&#8243; img_size=&#8221;large&#8221; alignment=&#8221;center&#8221;][vc_custom_heading text=&#8221;Naj\u010de\u0161\u0107e tegobe&#8221; font_container=&#8221;tag:h2|text_align:center&#8221; use_theme_fonts=&#8221;yes&#8221; css=&#8221;.vc_custom_1512133747412{padding-top: 30px !important;padding-bottom: 0px !important;}&#8221;][vc_column_text]<\/p>\n<p style=\"text-align: center;\">Pregled naj\u010de\u0161\u0107ih &#8220;\u017eenskih&#8221; tegoba i kako ih se rije\u0161iti prirodnim putem.<\/p>\n<p>[\/vc_column_text][vc_column_text css=&#8221;.vc_custom_1497432299216{padding-right: 30px !important;padding-bottom: 30px !important;padding-left: 30px !important;}&#8221;]<\/p>\n<ul class=\"advice-menu\">\n<li><a class=\"advice\" href=\"http:\/\/femigel.info\/hr\/vaginitis\">Vaginitis<\/a><\/li>\n<li><a class=\"advice\" href=\"http:\/\/femigel.info\/hr\/atroficni-vaginitis\">Atrofi\u010dni vaginitis<\/a><\/li>\n<li><a class=\"advice\" href=\"http:\/\/femigel.info\/hr\/aerobni-vaginitis\/\">Aerobni vaginitis<\/a><\/li>\n<li><a class=\"advice\" href=\"http:\/\/femigel.info\/hr\/neinfektivni-vaginitis\/\">Neinfektivni vaginitis<\/a><\/li>\n<li><a class=\"advice\" href=\"http:\/\/femigel.info\/hr\/kandidijaza\/\">Kandidijaza<\/a><\/li>\n<li><a class=\"advice\" href=\"http:\/\/femigel.info\/hr\/mikoplazma\/\">Mikoplazma<\/a><\/li>\n<li><a class=\"advice\" href=\"http:\/\/femigel.info\/hr\/laktobaciloza\/\">Laktobaciloza<\/a><\/li>\n<\/ul>\n<p>[\/vc_column_text][vc_empty_space css=&#8221;.vc_custom_1497436558072{padding-right: 20px !important;padding-left: 20px !important;background-color: #f7f5f2 !important;}&#8221;][vc_single_image image=&#8221;10054&#8243; img_size=&#8221;large&#8221; alignment=&#8221;center&#8221;][vc_custom_heading text=&#8221;Intimno zdravlje i prehrana&#8221; font_container=&#8221;tag:h2|text_align:center&#8221; use_theme_fonts=&#8221;yes&#8221; css=&#8221;.vc_custom_1512133761414{padding-top: 30px !important;padding-bottom: 0px !important;}&#8221;][vc_column_text]<\/p>\n<p style=\"text-align: center;\">Top dijete za o\u010duvanje \u017eenskog zdravlja.<\/p>\n<p>[\/vc_column_text][vc_column_text css=&#8221;.vc_custom_1497443804059{padding-right: 30px !important;padding-bottom: 30px !important;padding-left: 30px !important;}&#8221;]<\/p>\n<ul class=\"advice-menu\">\n<li><a class=\"advice\" href=\"http:\/\/femigel.info\/hr\/kandida-dijeta\">Kandida dijeta<\/a><\/li>\n<li><a class=\"advice\" href=\"http:\/\/femigel.info\/hr\/hpv-dijeta\">HPV dijeta<\/a><\/li>\n<li><a class=\"advice\" href=\"http:\/\/femigel.info\/hr\/pms-dijeta\/\">PMS dijeta<\/a><\/li>\n<li><a class=\"advice\" href=\"http:\/\/femigel.info\/hr\/herpes-dijeta\/\">Herpes dijeta<\/a><\/li>\n<li><a class=\"advice\" href=\"http:\/\/femigel.info\/hr\/antikancerogena-dijeta\/\">Antikancerogena dijeta<\/a><\/li>\n<\/ul>\n<p>[\/vc_column_text][\/vc_column][vc_column width=&#8221;1\/3&#8243; css=&#8221;.vc_custom_1497340190088{background-color: #ffffff !important;}&#8221; el_class=&#8221;advice&#8221;][vc_empty_space css=&#8221;.vc_custom_1497436558072{padding-right: 20px !important;padding-left: 20px !important;background-color: #f7f5f2 !important;}&#8221;][vc_single_image image=&#8221;10055&#8243; img_size=&#8221;large&#8221; alignment=&#8221;center&#8221;][vc_custom_heading text=&#8221;Spolno prenosive bolesti&#8221; font_container=&#8221;tag:h2|text_align:center&#8221; use_theme_fonts=&#8221;yes&#8221; css=&#8221;.vc_custom_1512133771422{padding-top: 30px !important;padding-bottom: 0px !important;}&#8221;][vc_column_text]<\/p>\n<p style=\"text-align: center;\">Kako se za\u0161titi i \u0161to u\u010diniti ako se zarazite?<\/p>\n<p>[\/vc_column_text][vc_column_text css=&#8221;.vc_custom_1497432649682{padding-top: 0px !important;padding-right: 40px !important;padding-bottom: 20px !important;padding-left: 40px !important;}&#8221;]<\/p>\n<ul class=\"advice-menu\">\n<li><a class=\"advice\" href=\"http:\/\/femigel.info\/hr\/hpv\/\">HPV<\/a><\/li>\n<li><a class=\"advice\" href=\"http:\/\/femigel.info\/hr\/klamidija\/\">Klamidija<\/a><\/li>\n<li><a class=\"advice\" href=\"http:\/\/femigel.info\/hr\/herpes\/\">Herpes<\/a><\/li>\n<\/ul>\n<p>[\/vc_column_text][vc_empty_space css=&#8221;.vc_custom_1497436558072{padding-right: 20px !important;padding-left: 20px !important;background-color: #f7f5f2 !important;}&#8221;][vc_single_image image=&#8221;10056&#8243; img_size=&#8221;large&#8221; alignment=&#8221;center&#8221;][vc_custom_heading text=&#8221;Zdrava spolnost&#8221; font_container=&#8221;tag:h2|text_align:center&#8221; use_theme_fonts=&#8221;yes&#8221; css=&#8221;.vc_custom_1512133784245{padding-top: 30px !important;padding-bottom: 0px !important;}&#8221;][vc_column_text]<\/p>\n<p style=\"text-align: center;\">Sve \u0161to ste \u017eeljeli znati o spolnosti, a niste se usudili pitati.<\/p>\n<p>[\/vc_column_text][vc_column_text css=&#8221;.vc_custom_1497445633620{padding-right: 30px !important;padding-bottom: 30px !important;padding-left: 30px !important;}&#8221;]<\/p>\n<ul class=\"advice-menu\">\n<li><a class=\"advice\" href=\"http:\/\/femigel.info\/hr\/oralni-seks\">Oralni seks<\/a><\/li>\n<\/ul>\n<p>[\/vc_column_text][\/vc_column][vc_column width=&#8221;1\/3&#8243; css=&#8221;.vc_custom_1497343498455{background-color: #ffffff !important;}&#8221; el_class=&#8221;advice&#8221;][vc_empty_space css=&#8221;.vc_custom_1497436558072{padding-right: 20px !important;padding-left: 20px !important;background-color: #f7f5f2 !important;}&#8221;][vc_single_image image=&#8221;10057&#8243; img_size=&#8221;large&#8221; alignment=&#8221;center&#8221;][vc_custom_heading text=&#8221;Ispod mikroskopa&#8221; font_container=&#8221;tag:h2|text_align:center&#8221; use_theme_fonts=&#8221;yes&#8221; css=&#8221;.vc_custom_1512133792805{padding-top: 30px !important;padding-bottom: 0px !important;}&#8221;][vc_column_text]<\/p>\n<p style=\"text-align: center;\">Neka vam va\u0161i nalazi ne budu tabu tema. Otkrijte \u0161to se nalazi iza \u010dudnih kratica i nerazumljivih rije\u010di.<\/p>\n<p>[\/vc_column_text][vc_column_text css=&#8221;.vc_custom_1497433029666{padding-top: 0px !important;padding-right: 40px !important;padding-bottom: 20px !important;padding-left: 40px !important;}&#8221;]<\/p>\n<ul class=\"advice-menu\">\n<li><a class=\"advice\" href=\"http:\/\/femigel.info\/hr\/papa-test-korisne-upute\">Papa test &#8211; korisne upute<\/a><\/li>\n<li><a class=\"advice\" href=\"http:\/\/femigel.info\/hr\/papa-test-protumacite-nalaz\">Papa test &#8211; protuma\u010dite nalaz<\/a><\/li>\n<li><a class=\"advice\" href=\"http:\/\/femigel.info\/hr\/epitel-spolnih-organa\/\">Epitel spolnih organa<\/a><\/li>\n<li><a class=\"advice\" href=\"http:\/\/femigel.info\/hr\/ektropija-vrata-maternice\/\">Ektropija vrata maternice<\/a><\/li>\n<\/ul>\n<p>[\/vc_column_text][vc_empty_space css=&#8221;.vc_custom_1497436558072{padding-right: 20px !important;padding-left: 20px !important;background-color: #f7f5f2 !important;}&#8221;][vc_single_image image=&#8221;10058&#8243; img_size=&#8221;large&#8221; alignment=&#8221;center&#8221;][vc_custom_heading text=&#8221;Na\u0161e tijelo&#8221; font_container=&#8221;tag:h2|text_align:center&#8221; use_theme_fonts=&#8221;yes&#8221; css=&#8221;.vc_custom_1512133808058{padding-top: 30px !important;padding-bottom: 0px !important;}&#8221;][vc_column_text]<\/p>\n<p style=\"text-align: center;\">Upoznajte svoje tijelo!<\/p>\n<p>[\/vc_column_text][vc_column_text css=&#8221;.vc_custom_1497447223072{padding-right: 30px !important;padding-bottom: 30px !important;padding-left: 30px !important;}&#8221;]<\/p>\n<ul class=\"advice-menu\">\n<li><a class=\"advice\" href=\"http:\/\/femigel.info\/hr\/maternica\/\">Maternica<\/a><\/li>\n<li><a class=\"advice\" href=\"http:\/\/femigel.info\/hr\/jajnici\/\">Jajnici<\/a><\/li>\n<li><a class=\"advice\" href=\"http:\/\/femigel.info\/hr\/jajovodi\/\">Jajovodi<\/a><\/li>\n<\/ul>\n<p>[\/vc_column_text][\/vc_column][\/vc_row][vc_row][vc_column width=&#8221;1\/6&#8243;][\/vc_column][vc_column width=&#8221;2\/3&#8243;][vc_empty_space][vc_single_image image=&#8221;10359&#8243; img_size=&#8221;full&#8221; alignment=&#8221;center&#8221;][vc_empty_space][\/vc_column][vc_column width=&#8221;1\/6&#8243;][\/vc_column][\/vc_row]<\/p>\n","protected":false},"excerpt":{"rendered":"<p>[vc_row css=&#8221;.vc_custom_1518375137357{padding-top: 10px !important;padding-bottom: 20px !important;background-color: #c2a8c1 !important;}&#8221;][vc_column width=&#8221;1\/4&#8243;][\/vc_column][vc_column width=&#8221;1\/2&#8243;][vc_column_text] FEMIGEL 100% PRIRODNI GEL S \u010cAJEVCEM ZA INTIMNU NJEGU I ZA\u0160TITU \u017dENE [\/vc_column_text][\/vc_column][vc_column width=&#8221;1\/4&#8243;][\/vc_column][\/vc_row][vc_row css=&#8221;.vc_custom_1518368351033{padding-right: 30px !important;padding-left: 30px !important;background-image: url(http:\/\/femigel.info\/hr\/wp-content\/uploads\/2018\/02\/bgd-leaves-1300&#215;890.jpg?id=10343) !important;}&#8221;][vc_column width=&#8221;2\/3&#8243; offset=&#8221;vc_hidden-lg vc_hidden-md&#8221;][vc_column_text] 100% prirodni gel za intimnu njegu i za\u0161titu Brzo smiruje svrbe\u017e, [&hellip;]<\/p>\n","protected":false},"author":1,"featured_media":0,"parent":0,"menu_order":0,"comment_status":"closed","ping_status":"closed","template":"full-width.php","meta":[],"_links":{"self":[{"href":"https:\/\/femigel.info\/hr\/wp-json\/wp\/v2\/pages\/181"}],"collection":[{"href":"https:\/\/femigel.info\/hr\/wp-json\/wp\/v2\/pages"}],"about":[{"href":"https:\/\/femigel.info\/hr\/wp-json\/wp\/v2\/types\/page"}],"author":[{"embeddable":true,"href":"https:\/\/femigel.info\/hr\/wp-json\/wp\/v2\/users\/1"}],"replies":[{"embeddable":true,"href":"https:\/\/femigel.info\/hr\/wp-json\/wp\/v2\/comments?post=181"}],"version-history":[{"count":196,"href":"https:\/\/femigel.info\/hr\/wp-json\/wp\/v2\/pages\/181\/revisions"}],"predecessor-version":[{"id":10360,"href":"https:\/\/femigel.info\/hr\/wp-json\/wp\/v2\/pages\/181\/revisions\/10360"}],"wp:attachment":[{"href":"https:\/\/femigel.info\/hr\/wp-json\/wp\/v2\/media?parent=181"}],"curies":[{"name":"wp","href":"https:\/\/api.w.org\/{rel}","templated":true}]}}