{"id":1842,"date":"2016-09-26T12:14:31","date_gmt":"2016-09-26T12:14:31","guid":{"rendered":"http:\/\/superfood.elated-themes.com\/?page_id=1842"},"modified":"2020-04-15T10:55:14","modified_gmt":"2020-04-15T10:55:14","slug":"o-femigelu","status":"publish","type":"page","link":"https:\/\/femigel.info\/hr\/o-femigelu\/","title":{"rendered":"O Femigelu"},"content":{"rendered":"<p>[vc_row css=&#8221;.vc_custom_1518445006220{border-top-width: 20px !important;padding-top: 30px !important;padding-right: 40px !important;padding-bottom: 30px !important;padding-left: 40px !important;background-image: url(http:\/\/femigel.info\/hr\/wp-content\/uploads\/2018\/02\/bgd-leaves-1300&#215;890.jpg?id=10343) !important;border-top-color: #c2a8c1 !important;border-top-style: solid !important;}&#8221;][vc_column css=&#8221;.vc_custom_1474460664668{padding-top: 0px !important;}&#8221;][vc_row_inner row_content_width=&#8221;grid&#8221; css=&#8221;.vc_custom_1475226373831{margin-right: -27px !important;margin-left: -27px !important;}&#8221;][vc_column_inner css=&#8221;.vc_custom_1475226359932{padding-right: 27px !important;padding-left: 27px !important;}&#8221; offset=&#8221;vc_col-lg-6&#8243;]<div class=\"eltdf-elements-holder eltdf-responsive-mode-768\" ><div class=\"eltdf-eh-item \" data-item-class=\"eltdf-eh-custom-456392\" data-1280-1600=\"30px 0 0 0\" data-1024-1280=\"12px 0 0 0\" data-768-1024=\"0 0 0 0\" data-600-768=\"0 0 0 0\" data-480=\"0 0 0 0\" >\n\t<div class=\"eltdf-eh-item-inner\" >\n\t\t<div class=\"eltdf-eh-item-content eltdf-eh-custom-456392\" style=\"padding: 44px 0 0 0\">\n\t\t\t[vc_custom_heading text=&#8221;O Femigelu&#8221; font_container=&#8221;tag:h2|font_size:30|text_align:left|line_height:1.2&#8243; google_fonts=&#8221;font_family:Signika%3A300%2Cregular%2C600%2C700|font_style:700%20bold%20regular%3A700%3Anormal&#8221;][vc_column_text]<\/p>\n<ul>\n<li class=\"home\">FEMIGEL\u00ae sadr\u017ei prirodno antisepti\u010dno ulje \u010dajevca tvrtke Australian Bodycare\u00ae u dokazano optimalnoj koncentraciji od 2,7 %.<\/li>\n<li class=\"home\">Zahvaljuju\u0107i svom antisepti\u010dkom svojstvu, ulje \u010dajevca pridonosi smanjenju bakterijskih i gljivi\u010dnih upala te pridonosi odr\u017eavanju zdrave intimne \ufb02ore.<\/li>\n<li class=\"home\">FEMIGEL\u00ae osigurava odgovaraju\u0107u vla\u017enost i kiselost (pH) intimnog podru\u010dja potrebne za odr\u017eanje zdrave mikrobne \ufb02ore.<\/li>\n<li class=\"home\">FEMIGEL\u00ae je specijalno pripravljen za jednostavnu uporabu, ne ostavlja mrlje na rublju, bez mirisa je, nemastan i ne nadra\u017euje.<\/li>\n<li class=\"home\">FEMIGEL\u00ae je najprodavaniji gel s antisepti\u010dkim uljem \u010dajevca na europskom tr\u017ei\u0161tu, a njegova u\u010dinkovitost klini\u010dki dokazana.<\/li>\n<\/ul>\n<p>[\/vc_column_text][vc_empty_space height=&#8221;23&#8243;]\t\t<\/div>\n\t<\/div>\n<\/div><\/div>[\/vc_column_inner][vc_column_inner offset=&#8221;vc_col-lg-6&#8243; css=&#8221;.vc_custom_1475226366081{padding-right: 27px !important;padding-left: 27px !important;}&#8221;][vc_empty_space height=&#8221;100&#8243;][vc_single_image image=&#8221;10342&#8243; img_size=&#8221;full&#8221; css_animation=&#8221;right-to-left&#8221;][vc_empty_space height=&#8221;120&#8243;][\/vc_column_inner][\/vc_row_inner][\/vc_column][\/vc_row][vc_row][vc_column][vc_empty_space height=&#8221;20px&#8221;]<div class=\"eltdf-separator-holder clearfix  separator eltdf-separator-center eltdf-separator-normal\">\n\t<div class=\"eltdf-separator\" ><\/div>\n<\/div>\n[\/vc_column][\/vc_row][vc_row row_content_width=&#8221;grid&#8221; anchor=&#8221;primjena&#8221; css=&#8221;.vc_custom_1497606925847{padding-right: 40px !important;padding-left: 40px !important;}&#8221;][vc_column width=&#8221;1\/4&#8243; css=&#8221;.vc_custom_1475230339178{padding-right: 27px !important;padding-left: 27px !important;}&#8221; offset=&#8221;vc_col-lg-6 vc_col-md-12&#8243;][vc_custom_heading text=&#8221;Primjena i doziranje&#8221; font_container=&#8221;tag:h2|font_size:30|text_align:left|line_height:1.2&#8243; google_fonts=&#8221;font_family:Signika%3A300%2Cregular%2C600%2C700|font_style:700%20bold%20regular%3A700%3Anormal&#8221;][vc_empty_space height=&#8221;20&#8243;][vc_single_image image=&#8221;10182&#8243; img_size=&#8221;full&#8221; css_animation=&#8221;none&#8221;][\/vc_column][vc_column width=&#8221;3\/4&#8243; css=&#8221;.vc_custom_1475230347958{padding-right: 27px !important;padding-left: 27px !important;}&#8221; offset=&#8221;vc_col-lg-6 vc_col-md-12&#8243;][vc_empty_space height=&#8221;50&#8243;][vc_column_text]<\/p>\n<ul>\n<li class=\"home\">FEMIGEL\u00ae se preporu\u010duje koristiti jave li se suho\u0107a, svrbe\u017e, peckanje, nadra\u017eenost i sli\u010dni neugodni simptomi.<\/li>\n<li class=\"home\">FEMIGEL\u00ae je uputno preventivno upotrebljavati nakon kupanja u bazenima, boravka u sauni i fitness centrima, za vrijeme i nakon kori\u0161tenja antibiotika, na putovanju, moru, u stanjima stresa i sl.<\/li>\n<li class=\"home\">FEMIGEL\u00ae je preporu\u010dljivo povremeno koristiti radi odr\u017eavanja normalne mikrobne flore i vla\u017enosti.<\/li>\n<\/ul>\n<p>[\/vc_column_text][vc_empty_space height=&#8221;30&#8243;]<div class=\"eltdf-elements-holder eltdf-responsive-mode-600\" ><div class=\"eltdf-eh-item \" data-item-class=\"eltdf-eh-custom-866073\" data-1280-1600=\"0px 20px 0px 20px \" data-1024-1280=\"0px 15px 0px 15px\" data-768-1024=\"0px 30px 0px 30px\" data-600-768=\"0px 30px 0px 30px\" data-480=\"0 0 0 0\" >\n\t<div class=\"eltdf-eh-item-inner\" >\n\t\t<div class=\"eltdf-eh-item-content eltdf-eh-custom-866073\" style=\"padding: 0px 20px 0 20px \">\n\t\t\t<div class=\"eltdf-iwt clearfix eltdf-iwt-icon-left eltdf-iwt-icon-medium\">\n    <div class=\"eltdf-iwt-icon\">\n                    <a itemprop=\"url\" href=\"#\" target=\"_self\">\n                                    <img width=\"90\" height=\"150\" src=\"https:\/\/femigel.info\/hr\/wp-content\/uploads\/2018\/02\/drop.png\" class=\"attachment-full size-full\" alt=\"\" loading=\"lazy\" \/>                                <\/a>\n            <\/div>\n    <div class=\"eltdf-iwt-content\" >\n\t    \t        <h4 class=\"eltdf-iwt-title\" >\n\t\t\t    \t\t\t\t    <a itemprop=\"url\" href=\"#\" target=\"_self\">\n\t\t\t    \t               DOZIRANJE\t\t\t    \t\t\t\t    <\/a>\n                            <\/h4>\n\t    \t\t            <p class=\"eltdf-iwt-text\" >Kod slabije izra\u017eenih simptoma upotrijebite jedan aplikator svaka tri dana, a u te\u017eim slu\u010dajevima jedan ili dva dnevno, sve do nestanka simptoma.<\/p>\n\t\t    <\/div>\n<\/div>\t\t<\/div>\n\t<\/div>\n<\/div><\/div>[\/vc_column][\/vc_row][vc_row][vc_column][vc_empty_space height=&#8221;50px&#8221;]<div class=\"eltdf-separator-holder clearfix  separator eltdf-separator-center eltdf-separator-normal\">\n\t<div class=\"eltdf-separator\" ><\/div>\n<\/div>\n[\/vc_column][\/vc_row][vc_row css=&#8221;.vc_custom_1518445773128{padding-top: 0px !important;padding-right: 40px !important;padding-bottom: 10px !important;padding-left: 40px !important;background: #f7f5f2 url(http:\/\/femigel.info\/hr\/wp-content\/uploads\/2018\/02\/bgd-leaves-1300&#215;890.jpg?id=10343) !important;}&#8221; anchor=&#8221;uporaba&#8221;][vc_column css=&#8221;.vc_custom_1474460664668{padding-top: 0px !important;}&#8221;][vc_row_inner row_content_width=&#8221;grid&#8221; css=&#8221;.vc_custom_1475226503099{margin-right: -27px !important;margin-left: -27px !important;}&#8221;][vc_column_inner css=&#8221;.vc_custom_1475230358079{padding-right: 27px !important;padding-left: 27px !important;}&#8221; offset=&#8221;vc_col-lg-6 vc_col-md-12&#8243;]<div class=\"eltdf-elements-holder eltdf-responsive-mode-768\" ><div class=\"eltdf-eh-item \" data-item-class=\"eltdf-eh-custom-403853\" data-1280-1600=\"74px 10% 0 0\" data-1024-1280=\"44px 7% 0 0 \" data-768-1024=\"0 19% 0 0\" data-600-768=\"0 19% 0 0\" data-480=\"0 0 0 0\" >\n\t<div class=\"eltdf-eh-item-inner\" >\n\t\t<div class=\"eltdf-eh-item-content eltdf-eh-custom-403853\" style=\"padding: 85px 22% 0 0\">\n\t\t\t[vc_custom_heading text=&#8221;Na\u010din uporabe&#8221; font_container=&#8221;tag:h2|font_size:30|text_align:left|line_height:1&#8243; use_theme_fonts=&#8221;yes&#8221;][vc_column_text]Aplikator primite za \u0161iri kraj i protresite poput toplomjera kako bi se njegov sadr\u017eaj na\u0161ao na njegovu u\u017eem dijelu. Odvrnite \u010dep i istisnite sadr\u017eaj aplikatora direktno na mjesto primjene.[\/vc_column_text]\t\t<\/div>\n\t<\/div>\n<\/div><\/div><div class=\"eltdf-elements-holder eltdf-responsive-mode-768 eltdf-one-column-alignment-left\" ><div class=\"eltdf-eh-item \" data-item-class=\"eltdf-eh-custom-826833\" >\n\t<div class=\"eltdf-eh-item-inner\" >\n\t\t<div class=\"eltdf-eh-item-content eltdf-eh-custom-826833\" style=\"padding: 25px 0 0 0\">\n\t\t\t[vc_custom_heading text=&#8221;Mjere opreza&#8221; font_container=&#8221;tag:h2|font_size:30|text_align:left|line_height:1&#8243; use_theme_fonts=&#8221;yes&#8221;][vc_column_text]<br \/>\nAko se pojavi alergijska reakcija, obustavite kori\u0161tenje.<\/p>\n<p>Preporu\u010dujemo da prekinete s primjenom tijekom menstruacije i nastavite po njenu zavr\u0161etku.<\/p>\n<p>Dr\u017eati izvan dohvata djece.<br \/>\n\u010cuvati na temperaturi do 25 \u00b0C.[\/vc_column_text]\t\t<\/div>\n\t<\/div>\n<\/div><\/div>[vc_empty_space height=&#8221;120&#8243;][\/vc_column_inner][vc_column_inner offset=&#8221;vc_col-lg-6&#8243; css=&#8221;.vc_custom_1475226494972{padding-right: 27px !important;padding-left: 27px !important;}&#8221;][vc_empty_space height=&#8221;24&#8243;][vc_single_image image=&#8221;10211&#8243; img_size=&#8221;full&#8221; css_animation=&#8221;none&#8221;][vc_empty_space height=&#8221;120&#8243;][\/vc_column_inner][\/vc_row_inner][\/vc_column][\/vc_row]<\/p>\n","protected":false},"excerpt":{"rendered":"<p>[vc_row css=&#8221;.vc_custom_1518445006220{border-top-width: 20px !important;padding-top: 30px !important;padding-right: 40px !important;padding-bottom: 30px !important;padding-left: 40px !important;background-image: url(http:\/\/femigel.info\/hr\/wp-content\/uploads\/2018\/02\/bgd-leaves-1300&#215;890.jpg?id=10343) !important;border-top-color: #c2a8c1 !important;border-top-style: solid !important;}&#8221;][vc_column css=&#8221;.vc_custom_1474460664668{padding-top: 0px !important;}&#8221;][vc_row_inner row_content_width=&#8221;grid&#8221; css=&#8221;.vc_custom_1475226373831{margin-right: -27px !important;margin-left: -27px !important;}&#8221;][vc_column_inner css=&#8221;.vc_custom_1475226359932{padding-right: 27px !important;padding-left: 27px !important;}&#8221; offset=&#8221;vc_col-lg-6&#8243;][\/vc_column_inner][vc_column_inner offset=&#8221;vc_col-lg-6&#8243; css=&#8221;.vc_custom_1475226366081{padding-right: 27px !important;padding-left: 27px !important;}&#8221;][vc_empty_space height=&#8221;100&#8243;][vc_single_image image=&#8221;10342&#8243; img_size=&#8221;full&#8221; css_animation=&#8221;right-to-left&#8221;][vc_empty_space height=&#8221;120&#8243;][\/vc_column_inner][\/vc_row_inner][\/vc_column][\/vc_row][vc_row][vc_column][vc_empty_space height=&#8221;20px&#8221;][\/vc_column][\/vc_row][vc_row [&hellip;]<\/p>\n","protected":false},"author":1,"featured_media":0,"parent":0,"menu_order":0,"comment_status":"closed","ping_status":"closed","template":"full-width.php","meta":[],"_links":{"self":[{"href":"https:\/\/femigel.info\/hr\/wp-json\/wp\/v2\/pages\/1842"}],"collection":[{"href":"https:\/\/femigel.info\/hr\/wp-json\/wp\/v2\/pages"}],"about":[{"href":"https:\/\/femigel.info\/hr\/wp-json\/wp\/v2\/types\/page"}],"author":[{"embeddable":true,"href":"https:\/\/femigel.info\/hr\/wp-json\/wp\/v2\/users\/1"}],"replies":[{"embeddable":true,"href":"https:\/\/femigel.info\/hr\/wp-json\/wp\/v2\/comments?post=1842"}],"version-history":[{"count":54,"href":"https:\/\/femigel.info\/hr\/wp-json\/wp\/v2\/pages\/1842\/revisions"}],"predecessor-version":[{"id":10368,"href":"https:\/\/femigel.info\/hr\/wp-json\/wp\/v2\/pages\/1842\/revisions\/10368"}],"wp:attachment":[{"href":"https:\/\/femigel.info\/hr\/wp-json\/wp\/v2\/media?parent=1842"}],"curies":[{"name":"wp","href":"https:\/\/api.w.org\/{rel}","templated":true}]}}